{"id":10826,"date":"2019-01-08T15:25:40","date_gmt":"2019-01-08T18:25:40","guid":{"rendered":"http:\/\/www.colfarma.info\/colfarma\/?page_id=10826"},"modified":"2023-10-05T18:01:47","modified_gmt":"2023-10-05T21:01:47","slug":"comision-provincial-de-asuntos-laborales-cpalpba","status":"publish","type":"page","link":"https:\/\/www.colfarma.info\/colfarma\/comision-provincial-de-asuntos-laborales-cpalpba\/","title":{"rendered":"Comisi\u00f3n Provincial de Asuntos Laborales (CPAAL)"},"content":{"rendered":"<p>[vc_row][vc_column width=\u00bb2\/3&#8243;][vc_column_text]Por Resoluci\u00f3n del Honorable Consejo Directivo del CFPBA con fecha 19 de Julio 2016, se\u00a0 crea la Comisi\u00f3n Provincial Asesora de Asuntos Laborales del Colegio de Farmac\u00e9uticos de la Provincia de Buenos Aires.<\/p>\n<p><strong>OBJETIVOS:<\/strong><\/p>\n<ul>\n<li>Conocer las problem\u00e1ticas de los colegas de cada zona a trav\u00e9s del representante elegido, y posibilitar de esta manera el acompa\u00f1amiento, asesoramiento y defensa de todos aspectos laborales de los profesionales farmac\u00e9uticos y lo inherente a la profesi\u00f3n.<\/li>\n<li>Atender la problem\u00e1tica laboral de los colegas que se encuentran trabajando en Relaci\u00f3n de Dependencia, y <strong>fundamentalmente ejecutar mecanismos de prevenci\u00f3n, informando e interviniendo de manera institucional<\/strong>, con el fin de cumplir con el rol que las leyes nos otorgan de velar por el desarrollo de la profesi\u00f3n nuestra provincia.<\/li>\n<\/ul>\n<p><span style=\"color: #ffffff;\"><strong>[mks_highlight color=\u00bb#CE3296&#8243;]Si quer\u00e9s recibir noticias de Asuntos Laborales por WhatsApp, busc\u00e1 tu Partido en la siguiente lista y DESDE TU CELULAR HACE CLIC EN EL GRUPO QUE TE CORRESPONDA[\/mks_highlight]<\/strong><\/span><\/p>\n<p><img loading=\"lazy\" decoding=\"async\" class=\"aligncenter wp-image-10918 size-full\" src=\"https:\/\/www.colfarma.info\/colfarma\/wp-content\/uploads\/2019\/01\/MAPA-ZONAS-LABORALES2.jpg\" alt=\"\" width=\"1260\" height=\"1535\" srcset=\"https:\/\/www.colfarma.info\/colfarma\/wp-content\/uploads\/2019\/01\/MAPA-ZONAS-LABORALES2.jpg 1260w, https:\/\/www.colfarma.info\/colfarma\/wp-content\/uploads\/2019\/01\/MAPA-ZONAS-LABORALES2-585x713.jpg 585w, https:\/\/www.colfarma.info\/colfarma\/wp-content\/uploads\/2019\/01\/MAPA-ZONAS-LABORALES2-768x936.jpg 768w, https:\/\/www.colfarma.info\/colfarma\/wp-content\/uploads\/2019\/01\/MAPA-ZONAS-LABORALES2-1200x1462.jpg 1200w, https:\/\/www.colfarma.info\/colfarma\/wp-content\/uploads\/2019\/01\/MAPA-ZONAS-LABORALES2-100x122.jpg 100w\" sizes=\"auto, (max-width: 1260px) 100vw, 1260px\" \/><\/p>\n<p>&nbsp;<\/p>\n<h3>Zonas que Integran la CPAAL<\/h3>\n<ul>\n<li><strong>ZONA A:<\/strong> Almirante Brown \u2013 Esteban Echeverr\u00eda \u2013 Lan\u00fas \u2013 Lomas de Zamora<br \/>\n<a href=\"https:\/\/chat.whatsapp.com\/K87u6fPKTh3FX5lpkbo16F\">(Para recibir noticias hac\u00e9 clic aqu\u00ed)<\/a><\/li>\n<li><strong>ZONA B:<\/strong> Avellaneda \u2013 Berazategui \u2013 Florencio Varela \u2013 Quilmes<br \/>\n<a href=\"https:\/\/chat.whatsapp.com\/GSeYsppRJZbC7bcpxe5CmZ\">(Para recibir noticias hac\u00e9 clic aqu\u00ed)<\/a><\/li>\n<li><strong>ZONA C:<\/strong> General San Mart\u00edn \u2013 General Sarmiento \u2013 Jos\u00e9 C. Paz \u2013 Tres de Febrero<br \/>\n<a href=\"https:\/\/chat.whatsapp.com\/G1zSDsDoMdiKUevAv31HlB\">(Para recibir noticias hac\u00e9 clic aqu\u00ed)<\/a><\/li>\n<li><strong>ZONA D:<\/strong> General Rodr\u00edguez \u2013 La Matanza \u2013 Marcos Paz \u2013 Merlo \u2013 Moreno \u2013 Mor\u00f3n<br \/>\n<a href=\"https:\/\/chat.whatsapp.com\/J0JuBmnBrcaAtX1lxRELAA\">(Para recibir noticias hac\u00e9 clic aqu\u00ed)<\/a><\/li>\n<li><strong>ZONA E:<\/strong> San Fernando \u2013 San Isidro \u2013 Tigre \u2013 Vicente L\u00f3pez<br \/>\n<a href=\"https:\/\/chat.whatsapp.com\/Kah6thIK5TtCQYolFSVuii\">(Para recibir noticias hac\u00e9 clic aqu\u00ed)<\/a><\/li>\n<li><strong>ZONA F:<\/strong> Bah\u00eda Blanca \u2013 Coronel Dorrego \u2013 Coronel de Marina Leonardo Rosales \u2013 Patagones \u2013 Tornquist \u2013 Villarino \u2013 Adolfo Alsina \u2013 Coronel Su\u00e1rez \u2013 P\u00faan \u2013 Saavedra \u2013 Monte Hermoso \u2013 Tres Arroyos \u2013 Adolfo Gonz\u00e1lez Chaves<br \/>\n<a href=\"https:\/\/chat.whatsapp.com\/COuy1LqufjU8QuYhesbKCS\">(Para recibir noticias hac\u00e9 clic aqu\u00ed)<\/a><\/li>\n<li><strong>ZONA G:<\/strong> Ayacucho \u2013 Balcarce \u2013 Castelli \u2013 Dolores \u2013 General Alvarado \u2013 General Guido \u2013 General Pueyrred\u00f3n \u2013 Maip\u00fa \u2013 Tordillo \u2013 Lober\u00eda \u2013 Coronel Pringles \u2013 Laprida \u2013 Necochea \u2013 San Cayetano<br \/>\n<a href=\"https:\/\/chat.whatsapp.com\/BmFib6mi53vLBBegX3bbYs\">(Para recibir noticias hac\u00e9 clic aqu\u00ed)<\/a><\/li>\n<li><strong>ZONA H:<\/strong> Berisso \u2013 Brandsen \u2013 Chascom\u00fas \u2013 Ensenada \u2013 General Paz \u2013 La Plata \u2013 Ca\u00f1uelas \u2013 General Belgrano \u2013 Las Heras \u2013 Lobos \u2013 Pila \u2013 San Miguel del Monte \u2013 Saladillo \u2013 Magdalena \u2013 San Vicente<br \/>\n<a href=\"https:\/\/chat.whatsapp.com\/E6RAlnDVpXh74Ie0GeqXci\">(Para recibir noticias hac\u00e9 clic aqu\u00ed)<\/a><\/li>\n<li><strong>ZONA I:<\/strong>\u00a0 Luj\u00e1n \u2013 Mercedes \u2013 Navarro \u2013 Roque P\u00e9rez \u2013\u00a0 San Andr\u00e9s de Giles \u2013 \u00a0Suipacha \u2013 Alberti \u2013 Bragado \u2013 Carlos Casares \u2013 Chivilcoy \u2013 Nueve de Julio \u2013 Veinticinco de Mayo<br \/>\n<a href=\"https:\/\/chat.whatsapp.com\/Ijw1PAzfuAE8VL6kgEqlZI\">(Para recibir noticias hac\u00e9 clic aqu\u00ed)<\/a><\/li>\n<li><strong>ZONA J:<\/strong> Azul \u2013 Benito Ju\u00e1rez \u2013 General Alvear \u2013 General Lamadrid \u2013 Las Flores \u2013 Olavarria \u2013 Rauch \u2013 Tandil \u2013 Tapalqu\u00e9<br \/>\n<a href=\"https:\/\/chat.whatsapp.com\/KhJj6ABoWTB28jEBhX9ba8\">(Para recibir noticias hac\u00e9 clic aqu\u00ed)<\/a><\/li>\n<li><strong>ZONA K:<\/strong> Bartolom\u00e9 Mitre \u2013 Capit\u00e1n Sarmiento \u2013 Ramallo \u2013 San Antonio de Areco \u2013 San Nicol\u00e1s \u2013 San Pedro \u2013 Baradero \u2013 Campana \u2013 Carmen de Areco \u2013 Escobar \u2013 Exaltaci\u00f3n de la Cruz \u2013 Pilar \u2013 Z\u00e1rate \u2013 Col\u00f3n \u2013 Pergamino \u2013 Rojas \u2013 Salto<br \/>\n<a href=\"https:\/\/chat.whatsapp.com\/GyhDe7fhrcJD4GRlBnE3jQ\">(Para recibir noticias hac\u00e9 clic aqu\u00ed)<\/a><\/li>\n<li><strong>ZONA L:<\/strong> Chacabuco \u2013 General Arenales \u2013 General Viamonte \u2013 Jun\u00edn \u2013 Leandro N. Alem \u2013 Lincoln \u2013 Carlos Tejedor \u2013 Daireaux \u2013 Florentino Ameghino \u2013 General Pinto \u2013 General Villegas \u2013 Guamin\u00ed \u2013 Hip\u00f3lito Irigoyen \u2013 Pehuaj\u00f3 \u2013 Pellegrini \u2013 Rivadavia \u2013 Salliquel\u00f3 \u2013 San Carlos de Bol\u00edvar \u2013 Trenque Lauqu\u00e9n \u2013 Tres Lomas<br \/>\n<a href=\"https:\/\/chat.whatsapp.com\/IAa4gwD9yYjE9OwrePxe7y\">(Para recibir noticias hac\u00e9 clic aqu\u00ed)<\/a><\/li>\n<li><strong>ZONA M:<\/strong> De la Costa \u2013 General Madariaga \u2013 General Lavalle \u2013 Mar Chiquita \u2013 Pinamar \u2013 Villa Gesell<br \/>\n<a href=\"https:\/\/chat.whatsapp.com\/D8gbWaLVMeE6kJ1NPGUauh\">(Para recibir noticias hac\u00e9 clic aqu\u00ed)<\/a><\/li>\n<\/ul>\n<p>[\/vc_column_text][\/vc_column][vc_column width=\u00bb1\/3&#8243;][vc_column_text css_animation=\u00bbfadeInRight\u00bb]<\/p>\n<h4><strong>COMISI\u00d3N DE ASUNTOS LABORALES<\/strong><br \/>\n<a href=\"mailto:asuntoslaborales@colfarma.org.ar\">asuntoslaborales@colfarma.org.ar<\/a><\/h4>\n<div class=\"wpb_text_column wpb_content_element \">\n<div class=\"wpb_wrapper\">\n<h5>Coordinadora de la Comisi\u00f3n<br \/>\n<strong>Farm. MANUELA MONTEIRO<\/strong><\/h5>\n<h6>Farm. Fabian Tirone<br \/>\nFarm. Luis Ferrari<br \/>\nFarm. Solange Colombo<br \/>\nFarm. Maria Valeria Marasco<br \/>\nFarm. Rosana Vuan<br \/>\nFarm. Stella Maris Ligio<\/h6>\n<\/div>\n<\/div>\n<p>[\/vc_column_text][vc_separator css_animation=\u00bbfadeInRight\u00bb css=\u00bb.vc_custom_1547037094288{padding-top: 20px !important;padding-bottom: 20px !important;}\u00bb][vc_message message_box_style=\u00bbsolid-icon\u00bb style=\u00bbsquare\u00bb message_box_color=\u00bbmulled_wine\u00bb icon_fontawesome=\u00bb\u00bb css_animation=\u00bbfadeInRight\u00bb]<\/p>\n<h5>TU REPRESENTANTE CPAAL<br \/>\n<a href=\"http:\/\/www.adminportal.cfpba.org.ar\/logonportal\/frmlogonportaleswebs.aspx?ReturnUrl=http:\/\/www.adminportal.cfpba.org.ar\/servicios\/servicios.aspx?p=193\"><strong>CLICK AQU\u00cd<\/strong><\/a><\/h5>\n<p>[\/vc_message][\/vc_column][\/vc_row]<\/p>\n","protected":false},"excerpt":{"rendered":"<p>[vc_row][vc_column width=\u00bb2\/3&#8243;][vc_column_text]Por Resoluci\u00f3n del Honorable Consejo Directivo del CFPBA con fecha 19 de Julio 2016, se\u00a0 crea la Comisi\u00f3n Provincial Asesora de Asuntos Laborales del Colegio de Farmac\u00e9uticos de la Provincia de Buenos Aires. OBJETIVOS: Conocer las problem\u00e1ticas de los colegas de cada zona a trav\u00e9s del representante elegido, y posibilitar de esta manera el [&hellip;]<\/p>\n","protected":false},"author":1,"featured_media":43158,"parent":0,"menu_order":0,"comment_status":"closed","ping_status":"closed","template":"","meta":{"footnotes":""},"class_list":["post-10826","page","type-page","status-publish","has-post-thumbnail","hentry"],"_links":{"self":[{"href":"https:\/\/www.colfarma.info\/colfarma\/wp-json\/wp\/v2\/pages\/10826","targetHints":{"allow":["GET"]}}],"collection":[{"href":"https:\/\/www.colfarma.info\/colfarma\/wp-json\/wp\/v2\/pages"}],"about":[{"href":"https:\/\/www.colfarma.info\/colfarma\/wp-json\/wp\/v2\/types\/page"}],"author":[{"embeddable":true,"href":"https:\/\/www.colfarma.info\/colfarma\/wp-json\/wp\/v2\/users\/1"}],"replies":[{"embeddable":true,"href":"https:\/\/www.colfarma.info\/colfarma\/wp-json\/wp\/v2\/comments?post=10826"}],"version-history":[{"count":0,"href":"https:\/\/www.colfarma.info\/colfarma\/wp-json\/wp\/v2\/pages\/10826\/revisions"}],"wp:featuredmedia":[{"embeddable":true,"href":"https:\/\/www.colfarma.info\/colfarma\/wp-json\/wp\/v2\/media\/43158"}],"wp:attachment":[{"href":"https:\/\/www.colfarma.info\/colfarma\/wp-json\/wp\/v2\/media?parent=10826"}],"curies":[{"name":"wp","href":"https:\/\/api.w.org\/{rel}","templated":true}]}}