{"id":4182,"date":"2018-06-27T15:52:18","date_gmt":"2018-06-27T18:52:18","guid":{"rendered":"http:\/\/www.colfarma.info\/colfarma\/?page_id=4182"},"modified":"2024-11-27T16:09:42","modified_gmt":"2024-11-27T19:09:42","slug":"mala-praxis","status":"publish","type":"page","link":"https:\/\/www.colfarma.info\/colfarma\/cuota-social-y-servicios\/mala-praxis\/","title":{"rendered":"Mala Praxis"},"content":{"rendered":"<h3>Mala Praxis Farmac\u00e9uticos<\/h3>\n<p>El Colegio de Farmac\u00e9uticos de la Pcia. de Buenos Aires, es el tomador de una P\u00f3liza General a la que cada profesional puede adherirse voluntariamente, manifestando su voluntad mediante:<\/p>\n<ul>\n<li>Declaraci\u00f3n Jurada al realizar tr\u00e1mites en el Dto. Relaciones Profesionales,<\/li>\n<li>Por formulario haciendo\u00a0<a href=\"https:\/\/tramitesonline.cfpba.org.ar:1443\/Login\">clic aqu\u00ed<\/a>,<\/li>\n<li>Mediante comunicaci\u00f3n fehaciente (Carta Documento o Telegrama), remitida al Colegio Central, Dto. Contadur\u00eda, calle 5 nro. 966 \u2013 La Plata (CP 1900).<\/li>\n<\/ul>\n<p>&nbsp;<\/p>\n<p>Hemos solicitado a esta compa\u00f1\u00eda la actualizaci\u00f3n de las sumas aseguradas por recomendaci\u00f3n de nuestra Asesor\u00eda Letrada, pues los montos de los reclamos por demandas efectuadas, m\u00e1s los honorarios de todos los profesionales que participan de un proceso judicial vienen sufriendo incrementos constantes. Por ello, las coberturas vigentes hasta las 12 hs del 01 de diciembre de 2024, se actualizar\u00e1n autom\u00e1ticamente a partir de esa fecha, de la siguiente manera:<\/p>\n<p>&nbsp;<\/p>\n<p>Coberturas por $ 25.000.000 se actualizan por cobertura hasta $ 60.000.000,00<\/p>\n<p>Coberturas por $ 37.500.000 se actualizan por cobertura hasta $\u00a0 \u00a060.000.000,00<\/p>\n<p>Coberturas por $ 50.000.000 se actualizan por cobertura hasta $ 120.000.000,00<\/p>\n<p>&nbsp;<\/p>\n<p>Las nuevas categor\u00edas vigentes a partir de las 12 hs del 01\/12\/24, se establecen como:<\/p>\n<p>&nbsp;<\/p>\n<p><u>Categor\u00eda A<\/u>:<\/p>\n<ul>\n<li><strong>$60.000.000<\/strong>.\u00a0(costo mensual de $ 4800.00 \u2013 (p\/fcos. adheridos al Sistema Unificado $ 3840.00)<\/li>\n<\/ul>\n<p><u>Categor\u00eda B<\/u>:<\/p>\n<ul>\n<li>Pasa a Categor\u00eda A<\/li>\n<\/ul>\n<p><u>Categor\u00eda C<\/u>:<\/p>\n<ul>\n<li><strong>$ 120.000.000<\/strong>. (costo mensual de\u00a0$ 9500.00 \u2013 (p\/fcos. adheridos al Sistema Unificado $ 7600.00)<\/li>\n<\/ul>\n<p>&nbsp;<\/p>\n<p>Desde el Colegio recomendamos esta \u00faltima opci\u00f3n pero si Ud. no est\u00e1 de acuerdo, puede optar por alguna de las dos alternativas restantes.<\/p>\n<p><strong>Cobertura:<\/strong>\u00a0La cobertura del presente seguro solo ampara la Responsabilidad Civil del profesional cubierto derivada de da\u00f1os psicof\u00edsicos causados por este a sus pacientes en hechos de mala praxis en el ejercicio de su profesi\u00f3n como Farmac\u00e9utico , producidos durante la vigencia de la p\u00f3liza. Ampara, asimismo Dispensaci\u00f3n err\u00f3nea, Medicamentos vencidos, Dispensaci\u00f3n de medicamentos de venta libre y de productos m\u00e9dicos, Medicamentos en mal estado, Aplicaci\u00f3n de inyecciones, Primeros Auxilios, Preparaciones magistrales, oficiales u oficinales dispensadas cumpliendo con las normativas sanitarias vigentes. Venta y distribuci\u00f3n de productos farmac\u00e9uticos y m\u00e9dicos realizados por Farmac\u00e9uticos que trabajen en Droguer\u00edas y Distribuidoras de medicamentos. Cuando la condici\u00f3n de dispensaci\u00f3n del medicamento exija receta m\u00e9dica la misma puede ser manuscrita y\/o preimpresa,<\/p>\n<p>Campa\u00f1a de Vacunaci\u00f3n antigripal y antineumoc\u00f3cica de PAMI- lOMA. Se permite el expendio de medicamentos en fotocopia simple para los tratamientos cr\u00f3nicos ambulatorios convenidos con las diferentes obras sociales, siempre que se cumpla el procedimiento establecido con las mismas.<\/p>\n<p>Queda aclarado y convenido que los dependientes del Asegurado se encuentran personalmente cubiertos por esta p\u00f3liza y el farmac\u00e9utico por los da\u00f1os y\/o perjuicio que los mismos pudieran cometer a terceros en su car\u00e1cter de dependientes, siembre que se encontraran debidamente inscriptos laboralmente a la orden del farmac\u00e9utico empleador.<\/p>\n<p>Quedan excluidos los profesionales que se desempe\u00f1en en Direcciones T\u00e9cnicas de Laboratorios, y matriculados en el Colegio de Farmac\u00e9uticos de la Provincia de Buenos Aires en la categor\u00eda \u201cVoluntario\u201d. Otros profesionales Farmac\u00e9uticos no espec\u00edficamente cubierto por esta p\u00f3liza y que colaboren con el asegurado. Actos o intervenciones prohibidas por ley. Da\u00f1os sufridos por personas que practiquen alguna actividad por cuenta del asegurado, por motivos profesionales o cient\u00edficos. Da\u00f1os cometidos con dolo.<\/p>\n<p><strong><u>Seguro de Responsabilidad Civil Mala Praxis para Farmacias:<\/u><\/strong>\u00a0Para aquellas farmacias cuya raz\u00f3n social sea sociedad en Comandita Simple, SRL o Colectiva, por ser la Sociedad otra persona jur\u00eddica a la del Director T\u00e9cnico (en farmacias unipersonales es la misma) Para contar con una correcta cobertura por mala praxis, es necesario contar con esta p\u00f3liza tambi\u00e9n (se deben contratar las dos) a partir del 01 de diciembre de 2024 tendr\u00e1n una cobertura de:<\/p>\n<p><u>Categor\u00eda A<\/u>:<\/p>\n<ul>\n<li><strong>$ 60.000.000<\/strong>. (costo mensual de $ 23700,00 \u2013 (p\/fcos. adheridos al Sistema Unificado $ 18960,00)<\/li>\n<\/ul>\n<p><u>Categor\u00eda C<\/u>:<\/p>\n<ul>\n<li><strong>$ 120.000.000<\/strong>. (costo mensual de\u00a0$ 47000,00 \u2013 (p\/fcos. adheridos al Sistema Unificado $ 37600,00)<\/li>\n<\/ul>\n<p>Ampara la responsabilidad civil de las Sociedades descriptos en el primer p\u00e1rrafo de Cobertura en Mala Praxis Farmac\u00e9uticos. Quedan excluidas las Personas Jur\u00eddicas propietarias de Laboratorios, Droguer\u00edas y\/o Distribuidoras de medicamentos La p\u00f3liza incluye la defensa en Juicio Civil y Penal. En caso que se promoviera un juicio penal, el asegurado deber\u00e1 dar inmediato aviso al Asegurador, quien contar\u00e1 con 48hs. de plazo para verificar la viabilidad del seguro.<\/p>\n<p>&nbsp;<\/p>\n<p><strong>Para adherir la Farmacia al seguro de mala praxis se deber\u00e1 realizar:<\/strong><\/p>\n<ul>\n<li>Por formulario haciendo\u00a0<a href=\"https:\/\/www.colfarma.info\/colfarma\/wp-content\/uploads\/solicitud-mala-praxis-farmacias-1.doc\">clic aqu\u00ed<\/a>, el cual deber\u00e1 ser completado y firmado ante autoridad competente de la filial m\u00e1s cercana por el DT de la Sociedad.<\/li>\n<li>Mediante comunicaci\u00f3n fehaciente (Carta Documento o Telegrama), remitido al Colegio Central, Dto. Contadur\u00eda, calle 5 nro. 966 \u2013 La Plata (CP 1900).<\/li>\n<\/ul>\n<p>El monto correspondiente a la suma asegurada elegida, ser\u00e1 debitado de la Facturaci\u00f3n de Obras Sociales (requisito para la adhesi\u00f3n).<\/p>\n<p>Por consultas (tanto por seguros de Farmac\u00e9uticos como de Farmacias) dirigirse a\u00a0<a href=\"mailto:malapraxis@colfarma.org.ar\">malapraxis@colfarma.org.ar<\/a><\/p>\n<p>&nbsp;<\/p>\n<p>SINIESTRO \u2013 DATOS DE CONTACTO<\/p>\n<p><strong>Importante:<\/strong>\u00a0La p\u00f3liza incluye la Defensa en Juicio Civil y Penal. En caso que se promoviera un juicio penal, el asegurado deber\u00e1 dar inmediato aviso al Asegurador, quien contar\u00e1 con 48hs. de plazo para verificar la viabilidad del seguro.<br \/>\nFrente a un siniestro con responsabilidad civil o penal deber\u00e1 comunicarse indefectiblemente y en forma inmediata al\u00a0<strong>Departamento Contable de este Colegio al tel.: 0221-4290932\/64 y a:<\/strong><\/p>\n<p><strong>Centro de Atenci\u00f3n a Profesionales de la Organizaci\u00f3n Zelione (Representante Oficial de Sancor Seguros)<\/strong>\u00a0a los tel\u00e9fonos: 011-44418236\/4435\/3568 o Cdora. Jessica Zelione (Representante Oficial de Sancor Seguros ) Tel: 011-15-41403960 &#8211; Sancor Seguros al 0800-44428500, Centro de Atenci\u00f3n al Cliente.<\/p>\n<p>Para su mejor atenci\u00f3n tenemos a su disposici\u00f3n una nueva direcci\u00f3n de mail:\u00a0<a href=\"mailto:malapraxis@colfarma.org.ar\">malapraxis@colfarma.org.ar<\/a><\/p>\n","protected":false},"excerpt":{"rendered":"<p>Mala Praxis Farmac\u00e9uticos El Colegio de Farmac\u00e9uticos de la Pcia. de Buenos Aires, es el tomador de una P\u00f3liza General a la que cada profesional puede adherirse voluntariamente, manifestando su voluntad mediante: Declaraci\u00f3n Jurada al realizar tr\u00e1mites en el Dto. Relaciones Profesionales, Por formulario haciendo\u00a0clic aqu\u00ed, Mediante comunicaci\u00f3n fehaciente (Carta Documento o Telegrama), remitida al [&hellip;]<\/p>\n","protected":false},"author":1,"featured_media":0,"parent":4264,"menu_order":2,"comment_status":"closed","ping_status":"closed","template":"","meta":{"footnotes":""},"class_list":["post-4182","page","type-page","status-publish","hentry"],"_links":{"self":[{"href":"https:\/\/www.colfarma.info\/colfarma\/wp-json\/wp\/v2\/pages\/4182","targetHints":{"allow":["GET"]}}],"collection":[{"href":"https:\/\/www.colfarma.info\/colfarma\/wp-json\/wp\/v2\/pages"}],"about":[{"href":"https:\/\/www.colfarma.info\/colfarma\/wp-json\/wp\/v2\/types\/page"}],"author":[{"embeddable":true,"href":"https:\/\/www.colfarma.info\/colfarma\/wp-json\/wp\/v2\/users\/1"}],"replies":[{"embeddable":true,"href":"https:\/\/www.colfarma.info\/colfarma\/wp-json\/wp\/v2\/comments?post=4182"}],"version-history":[{"count":3,"href":"https:\/\/www.colfarma.info\/colfarma\/wp-json\/wp\/v2\/pages\/4182\/revisions"}],"predecessor-version":[{"id":77699,"href":"https:\/\/www.colfarma.info\/colfarma\/wp-json\/wp\/v2\/pages\/4182\/revisions\/77699"}],"up":[{"embeddable":true,"href":"https:\/\/www.colfarma.info\/colfarma\/wp-json\/wp\/v2\/pages\/4264"}],"wp:attachment":[{"href":"https:\/\/www.colfarma.info\/colfarma\/wp-json\/wp\/v2\/media?parent=4182"}],"curies":[{"name":"wp","href":"https:\/\/api.w.org\/{rel}","templated":true}]}}