{"id":4184,"date":"2018-06-27T15:53:03","date_gmt":"2018-06-27T18:53:03","guid":{"rendered":"http:\/\/www.colfarma.info\/colfarma\/?page_id=4184"},"modified":"2025-01-29T09:18:39","modified_gmt":"2025-01-29T12:18:39","slug":"residuos-patogenicos","status":"publish","type":"page","link":"https:\/\/www.colfarma.info\/colfarma\/cuota-social-y-servicios\/residuos-patogenicos\/","title":{"rendered":"Residuos Patog\u00e9nicos"},"content":{"rendered":"<p>[vc_row][vc_column width=\u00bb1\/4&#8243;][vc_separator][vc_column_text css=\u00bb\u00bb][\/vc_column_text][\/vc_column][vc_column width=\u00bb1\/2&#8243;][vc_column_text css=\u00bb.vc_custom_1729865826090{padding-bottom: 20px !important;}\u00bb]<\/p>\n<h3>Tratamiento Obligatorio de Residuos Patog\u00e9nicos<\/h3>\n<h4>TRATAMIENTO OBLIGATORIO DE RESIDUOS PATOG\u00c9NICOS<\/h4>\n<h4>LEY. Nro. 11347 (Modificada por Ley 12.019)<\/h4>\n<h5>Registro Provincial de Generadores de Residuos Patog\u00e9nicos<\/h5>\n<p>&nbsp;<\/p>\n<p><em><u>Registro Provincial de Generadores de Residuos Patog\u00e9nicos<\/u><\/em><\/p>\n<p>La farmacia es un establecimiento generador de residuos patog\u00e9nicos de Tipo B, de acuerdo a la caracterizaci\u00f3n de los mismos del Decreto Nro. 450\/94 del Poder Ejecutivo de la Pcia. de Buenos Aires,\u00a0por lo tanto\u00a0\u00a0es obligatorio el cumplimiento de este Decreto; por parte de las farmacias.<\/p>\n<p>Conforme al Art\u00edculo 7mo. de la reglamentaci\u00f3n de la Ley Nro. 11347, la farmacia debe ser inscripta en el Registro Provincial de Generadores de Residuos Patog\u00e9nicos.<\/p>\n<p>El tr\u00e1mite se realiza ante el Ministerio de Salud de la Provincia de Buenos Aires debiendo abonarse un sellado provincial de $2565,00 .- que se adquiere en cualquier sucursal del Banco de la Provincia de Buenos Aires; y al momento de ingresar la documentaci\u00f3n en el Ministerio se deber\u00e1 abonar la suma de $ 32.000,00.- si se trata de una farmacia Unipersonal, o de $ 64.000,00.- si se trata de sociedades.<\/p>\n<p>Para inscribirse deber\u00e1 completar las planillas de adhesi\u00f3n seg\u00fan corresponda:<\/p>\n<p>Farmacia Unipersonal:\u00a0<a href=\"https:\/\/www.colfarma.info\/colfarma\/wp-content\/uploads\/2019\/11\/Autorizacion-para-la-inscripcion-como-generador-de-residuos-patogenicos.doc\">Planilla 1\u2026<\/a>\u00a0\/\u00a0<a href=\"https:\/\/www.colfarma.info\/colfarma\/wp-content\/uploads\/NUEVA-Planilla-para-la-inscripcion-de-generadores-de-residuos-patogenicos-personas-fisicas.docx\">Planilla 2\u2026\u00a0<\/a>\/\u00a0<a href=\"https:\/\/www.colfarma.info\/colfarma\/wp-content\/uploads\/2019\/11\/Planilla-de-Inscripcion-Habitat-Ecologico-S.A..doc\">Planilla 3\u2026<\/a><\/p>\n<p>Farmacia Sociedad.\u00a0<a href=\"https:\/\/www.colfarma.info\/colfarma\/wp-content\/uploads\/2019\/11\/Autorizacion-para-la-inscripcion-como-generador-de-residuos-patogenicos-1.doc\">Planilla 1\u2026<\/a>\u00a0\/\u00a0<a href=\"https:\/\/www.colfarma.info\/colfarma\/wp-content\/uploads\/Planilla-para-la-inscripcion-de-generadores-de-residuos-patogenicos-Est.docx\">Planilla 2\u2026<\/a>\u00a0\/\u00a0<a href=\"https:\/\/www.colfarma.info\/colfarma\/wp-content\/uploads\/2019\/11\/Planilla-de-Inscripcion-Habitat-Ecologico-S.A.-1.doc\">Planilla 3\u2026<\/a><\/p>\n<p><em><u><br \/>\nRecolecci\u00f3n, Transporte, Tratamiento y Disposici\u00f3n final de los Residuos Patog\u00e9nicos<\/u><\/em><\/p>\n<p>El Colegio de Farmac\u00e9uticos de la Pcia. de Buenos Aires mantiene un convenio con la empresa\u00a0H\u00e1bitat Ecol\u00f3gico S.A., a fin de ofrecer al matriculado la alternativa que le permita cumplir con el tratamiento de los residuos patog\u00e9nicos.<\/p>\n<p>El servicio se brinda a la Farmacia, pero es a trav\u00e9s de la Matr\u00edcula del profesional que se realiza el cobro del mismo, por lo que es importante mantener actualizados los datos en cuanto al ejercicio de la Direcci\u00f3n T\u00e9cnica de los matriculados a la empresa prestadora del servicio.<\/p>\n<p>Para informar cambios en Direcci\u00f3n T\u00e9cnica completar el siguiente formulario <a href=\"https:\/\/www.colfarma.info\/colfarma\/wp-content\/uploads\/2019\/09\/Formulario-2.doc\">(formulario 2).<\/a><\/p>\n<h4><\/h4>\n<h3>Tratamiento Obligatorio de Residuos Patog\u00e9nicos &#8211; (Actualizaci\u00f3n Agosto 2024)<\/h3>\n<h4>Requisitos para la Inscripci\u00f3n como Generador de Residuos Patog\u00e9nicos ante el Ministerio de Salud<\/h4>\n<p><strong>Para persona fisica\u00a0<\/strong><\/p>\n<p>-Declaraci\u00f3n jurada persona f\u00edsica &#8211; Formato Nuevo-<br \/>\n-DNI\/Matr\u00edcula<br \/>\n-Dep\u00f3sito de 1 m\u00f3dulo de $32.000 y el sellado administrativo por el Banco Provincia-<br \/>\n-Habilitaci\u00f3n\u00a0de la farmacia.<\/p>\n<p><strong>Establecimientos<\/strong><\/p>\n<p>-Declaraci\u00f3n jurada persona Jur\u00eddica &#8211; Formato Nuevo-<br \/>\n-DNI\/Matr\u00edcula<br \/>\n-Dep\u00f3sito de 2 m\u00f3dulos de $32.000 cada uno y el sellado administrativo por el Banco Provincia-<br \/>\n-Habilitaci\u00f3n\u00a0de la farmacia.<\/p>\n<p>&nbsp;<\/p>\n<h3>Adhesi\u00f3n al Servicio con H\u00e1bitat Ecol\u00f3gico S. A.<\/h3>\n<p>Para adherirse al servicio deber\u00e1 cumplimentar la planilla correspondiente y una vez completa enviarla al Colegio Central o dejar en un sobre cerrado dirigido al Sector Contadur\u00eda en cualquier Colegio de Partido.<\/p>\n<p>La <a href=\"https:\/\/www.colfarma.info\/colfarma\/wp-content\/uploads\/2019\/09\/Formulario-1.doc\">planilla <\/a>para la Empresa H\u00e1bitat Ecol\u00f3gico deber\u00e1 ser enviada para dar un Alta al servicio. En caso de\u00a0 <a href=\"https:\/\/www.colfarma.info\/colfarma\/wp-content\/uploads\/2019\/09\/Formulario-2.doc\">modificar los datos<\/a> (cambio en DT, domicilio, horario de atenci\u00f3n, Cuit, condici\u00f3n)\u00a0 que figuren en la documentaci\u00f3n emitida por la empresa y\/o el OPDS (facturas, manifiestos , certificados, etc).<\/p>\n<p>Si se llegara a optar por la baja del servicio\u00a0 (<a href=\"https:\/\/www.colfarma.info\/colfarma\/wp-content\/uploads\/2019\/09\/Formulario-1.doc\">haga clic aqu\u00ed<\/a>).<\/p>\n<p>IMPORTANTE:\u00a0Por tratarse de un Servicio Adicional contratado, que se presta a la farmacia, pero se cobra a trav\u00e9s de la matr\u00edcula del profesional; deber\u00e1n informarse los cambios de Direcci\u00f3n T\u00e9cnica de los establecimientos, ya que de lo contrario se seguir\u00e1 prestando el Servicio a la farmacia y se continuar\u00e1 facturando en la cuota de matr\u00edcula del profesional que ha dejado de trabajar en la misma.<\/p>\n<p><strong>Costo del Servicio:<\/strong><\/p>\n<p><u>Costo del Servicio:<\/u><\/p>\n<p>&#8211; Servicio (incluye 1 caja)\u00a0 \u00a0 \u00a0 \u00a0 \u00a0 \u00a0 \u00a0 \u00a0 \u00a0 \u00a0 \u00a0 \u00a0 \u00a0 \u00a0 $\u00a0 \u00a0 \u00a06.594,50<\/p>\n<p>&#8211; Certificado de Incineraci\u00f3n\u00a0 \u00a0 \u00a0 \u00a0 \u00a0 \u00a0 \u00a0 \u00a0 \u00a0 \u00a0 \u00a0$\u00a0 \u00a0 \u00a0 \u00a0 \u00a0145,20<\/p>\n<p>&#8211; Manifiesto\u00a0 \u00a0 \u00a0 \u00a0 \u00a0 \u00a0 \u00a0 \u00a0 \u00a0 \u00a0 \u00a0 \u00a0 \u00a0 \u00a0 \u00a0 \u00a0 \u00a0 \u00a0 \u00a0 \u00a0 \u00a0 \u00a0 \u00a0 \u00a0 \u00a0 \u00a0$\u00a0 \u00a0 \u00a0 \u00a0 \u00a0142,78<\/p>\n<p>&#8211; Valor total Servicio mes agosto\/2023\u00a0 \u00a0 \u00a0 $\u00a0 \u00a0 \u00a06882,48<\/p>\n<p><em>IMPORTANTE:<\/em><\/p>\n<p>Si la empresa visitara la farmacia y no retirara la caja por encontrarse vac\u00eda, facturar\u00e1 igualmente el costo de la visita, por lo que es conveniente retiro es conveniente que reciba la caja con su descartador.<\/p>\n<p>No olvide que dentro del valor del abono que la empresa cobra por dichos servicios, se encuentra incluido el costo del descartador, por lo que se recomienda exigir la entrega del mismo con la recepci\u00f3n de la caja. T\u00e9ngase en cuenta que los descartadores adicionales que se soliciten tienen un costo de\u00a0 $181,50 cada uno incluyendo el IVA y de necesitar m\u00e1s de 1 caja, el valor adicional es de $ 6.594,50 por cada una.<\/p>\n<p>&nbsp;<\/p>\n<p><strong><em><u>Cobro del Servicio<\/u><\/em><\/strong><\/p>\n<p>A trav\u00e9s de la cuota de matr\u00edcula del profesional, dentro del concepto Servicios Opcionales Contratados.<\/p>\n<p>El servicio prestado cada mes, se cobrar\u00e1 en la cuota del mes subsiguiente. Ejemplo: servicio del mes 07\/2019 se cobra en cuota del mes 09\/2019<\/p>\n<p>Asimismo le solicitamos que actualice el Horario de Atenci\u00f3n de su farmacia, y con una antelaci\u00f3n de 30 dias nos informe sobre el per\u00edodo en el que permanecer\u00e1 cerrada por vacaciones. De esta forma podremos transmitir los datos a la empresa, para que \u00e9sta organice la log\u00edstica de la prestaci\u00f3n del servicio en las distintas zonas. Esta informaci\u00f3n deber\u00e1 enviarla a\u00a0<a href=\"mailto:residuospatogenicos@colfarma.org.ar\"><em>residuospatogenicos@colfarma.org.ar<\/em><\/a>[\/vc_column_text][\/vc_column][vc_column width=\u00bb1\/4&#8243;][\/vc_column][\/vc_row]<\/p>\n","protected":false},"excerpt":{"rendered":"<p>[vc_row][vc_column width=\u00bb1\/4&#8243;][vc_separator][vc_column_text css=\u00bb\u00bb][\/vc_column_text][\/vc_column][vc_column width=\u00bb1\/2&#8243;][vc_column_text css=\u00bb.vc_custom_1729865826090{padding-bottom: 20px !important;}\u00bb] Tratamiento Obligatorio de Residuos Patog\u00e9nicos TRATAMIENTO OBLIGATORIO DE RESIDUOS PATOG\u00c9NICOS LEY. Nro. 11347 (Modificada por Ley 12.019) Registro Provincial de Generadores de Residuos Patog\u00e9nicos &nbsp; Registro Provincial de Generadores de Residuos Patog\u00e9nicos La farmacia es un establecimiento generador de residuos patog\u00e9nicos de Tipo B, de acuerdo a la [&hellip;]<\/p>\n","protected":false},"author":1,"featured_media":43158,"parent":4264,"menu_order":2,"comment_status":"closed","ping_status":"closed","template":"","meta":{"footnotes":""},"class_list":["post-4184","page","type-page","status-publish","has-post-thumbnail","hentry"],"_links":{"self":[{"href":"https:\/\/www.colfarma.info\/colfarma\/wp-json\/wp\/v2\/pages\/4184","targetHints":{"allow":["GET"]}}],"collection":[{"href":"https:\/\/www.colfarma.info\/colfarma\/wp-json\/wp\/v2\/pages"}],"about":[{"href":"https:\/\/www.colfarma.info\/colfarma\/wp-json\/wp\/v2\/types\/page"}],"author":[{"embeddable":true,"href":"https:\/\/www.colfarma.info\/colfarma\/wp-json\/wp\/v2\/users\/1"}],"replies":[{"embeddable":true,"href":"https:\/\/www.colfarma.info\/colfarma\/wp-json\/wp\/v2\/comments?post=4184"}],"version-history":[{"count":7,"href":"https:\/\/www.colfarma.info\/colfarma\/wp-json\/wp\/v2\/pages\/4184\/revisions"}],"predecessor-version":[{"id":79600,"href":"https:\/\/www.colfarma.info\/colfarma\/wp-json\/wp\/v2\/pages\/4184\/revisions\/79600"}],"up":[{"embeddable":true,"href":"https:\/\/www.colfarma.info\/colfarma\/wp-json\/wp\/v2\/pages\/4264"}],"wp:featuredmedia":[{"embeddable":true,"href":"https:\/\/www.colfarma.info\/colfarma\/wp-json\/wp\/v2\/media\/43158"}],"wp:attachment":[{"href":"https:\/\/www.colfarma.info\/colfarma\/wp-json\/wp\/v2\/media?parent=4184"}],"curies":[{"name":"wp","href":"https:\/\/api.w.org\/{rel}","templated":true}]}}