{"id":56885,"date":"2023-09-19T10:06:25","date_gmt":"2023-09-19T13:06:25","guid":{"rendered":"https:\/\/www.colfarma.info\/colfarma\/?page_id=56885"},"modified":"2023-12-12T10:14:34","modified_gmt":"2023-12-12T13:14:34","slug":"fechas-especiales","status":"publish","type":"page","link":"https:\/\/www.colfarma.info\/colfarma\/biblioteca\/fechas-especiales\/","title":{"rendered":"Calendario sanitario"},"content":{"rendered":"<p>[vc_row][vc_column width=\u00bb1\/2&#8243;][vc_column_text]<strong>SEPTIEMBRE<\/strong><\/p>\n<ul>\n<li><a href=\"https:\/\/www.colfarma.info\/colfarma\/dia-mundial-del-alzheimer-2\/\">21 de septiembre &#8211; D\u00eda Mundial del Alzheimer<\/a><\/li>\n<li><a href=\"https:\/\/www.colfarma.info\/colfarma\/24-de-septiembre-dia-mundial-del-cancer-de-tiroides\/\">24 de septiembre &#8211; D\u00eda Mundial del C\u00e1ncer de Tiroides<\/a><\/li>\n<li><a href=\"https:\/\/www.colfarma.info\/colfarma\/25-de-septiembre-dia-mundial-del-farmaceutico\/\">25 de septiembre &#8211; D\u00eda mundial del farmac\u00e9utico<\/a><\/li>\n<li><a href=\"https:\/\/www.colfarma.info\/colfarma\/26-de-septiembre-dia-mundial-de-la-anticoncepcion\/\">26 de septiembre &#8211; D\u00eda Mundial de la Anticoncepci\u00f3n<\/a><\/li>\n<li><a href=\"https:\/\/www.colfarma.info\/colfarma\/28-de-septiembre-dia-mundial-contra-la-rabia\/\">28 de septiembre &#8211; D\u00eda Mundial contra la rabia<\/a><\/li>\n<li><a href=\"https:\/\/www.colfarma.info\/colfarma\/26-de-septiembre-dia-mundial-del-corazon\/\">29 de septiembre &#8211; D\u00eda Mundial del coraz\u00f3n<\/a><\/li>\n<\/ul>\n<p>[\/vc_column_text][\/vc_column][vc_column width=\u00bb1\/2&#8243;][vc_column_text]<strong>OCTUBRE<\/strong><\/p>\n<ul>\n<li><a href=\"https:\/\/www.colfarma.info\/colfarma\/01deoctubrediadelaurticaria\/\">1 de octubre &#8211; D\u00eda Mundial de la urticaria<\/a><\/li>\n<li><a href=\"https:\/\/www.colfarma.info\/colfarma\/10-de-octubre-dia-mundial-de-la-salud-mental\/\">10 de octubre &#8211; D\u00eda Mundial de la salud mental\u00a0<\/a><\/li>\n<li><a href=\"https:\/\/www.colfarma.info\/colfarma\/12-de-octubre-dia-nacional-del-farmaceutico\/\">12 de octubre &#8211; D\u00eda Nacional del Farmac\u00e9utico<\/a><\/li>\n<li><a href=\"https:\/\/www.colfarma.info\/colfarma\/14-de-octubre-dia-mundial-de-los-cuidados-paliativos\/\">14 de octubre &#8211; D\u00eda Mundial de los Cuidados Paliativos<\/a><\/li>\n<li><a href=\"https:\/\/www.colfarma.info\/colfarma\/17-de-octubre-dia-mundial-contra-el-dolor\/\">17 de octubre &#8211; D\u00eda Mundial Contra el Dolor<\/a><\/li>\n<li><a href=\"https:\/\/www.colfarma.info\/colfarma\/material-de-campana-cancer-de-mama\/\">19 de octubre &#8211; D\u00eda Mundial de la Lucha contra el C\u00e1ncer de Mama<\/a><\/li>\n<li><a href=\"https:\/\/www.colfarma.info\/colfarma\/20-de-octubre-dia-mundial-de-la-osteoporosis\/\">20 de octubre \u2013 D\u00eda Mundial de la Osteoporosis<\/a><\/li>\n<li><a href=\"https:\/\/www.colfarma.info\/colfarma\/29-de-octubre-dia-mundial-contra-el-ataque-cerebral\/\">29 de octubre \u2013 D\u00eda Mundial contra el Ataque Cerebral<\/a><\/li>\n<\/ul>\n<p>[\/vc_column_text][\/vc_column][\/vc_row][vc_row][vc_column][vc_empty_space height=\u00bb16&#8243;][\/vc_column][\/vc_row][vc_row][vc_column width=\u00bb1\/2&#8243;][vc_column_text]<strong>NOVIEMBRE<\/strong><\/p>\n<ul>\n<li><a href=\"https:\/\/www.colfarma.info\/colfarma\/6-al-12-de-noviembre-semana-del-medicamento-seguro\/\">6 al 12 de noviembre &#8211; Semana del Medicamento Seguro<\/a><\/li>\n<li><a href=\"https:\/\/www.colfarma.info\/colfarma\/14-de-noviembre-dia-mundial-de-la-diabetes\/\">14 de noviembre &#8211; D\u00eda Mundial de la Diabetes<\/a><\/li>\n<li><a href=\"https:\/\/www.colfarma.info\/colfarma\/15-de-noviembre-dia-mundial-del-epoc\/\">15 de noviembre &#8211; D\u00eda Mundial de la EPOC (tercer mi\u00e9rcoles de Noviembre)<\/a><\/li>\n<\/ul>\n<p>[\/vc_column_text][\/vc_column][vc_column width=\u00bb1\/2&#8243;][vc_column_text]<strong>DICIEMBRE<\/strong><\/p>\n<ul>\n<li><a href=\"https:\/\/www.colfarma.info\/colfarma\/1-de-diciembre-dia-mundial-de-la-lucha-contra-el-sida\/\">1 de diciembre D\u00eda Mundial de la Lucha contra el Sida 2023<\/a><\/li>\n<li><a href=\"https:\/\/www.colfarma.info\/colfarma\/1-de-diciembre-dia-panamericano-de-la-farmacia\/\">1 de diciembre \u2013 D\u00eda Panamericano de la Farmacia<\/a><\/li>\n<\/ul>\n<p>[\/vc_column_text][\/vc_column][\/vc_row]<\/p>\n","protected":false},"excerpt":{"rendered":"<p>[vc_row][vc_column width=\u00bb1\/2&#8243;][vc_column_text]SEPTIEMBRE 21 de septiembre &#8211; D\u00eda Mundial del Alzheimer 24 de septiembre &#8211; D\u00eda Mundial del C\u00e1ncer de Tiroides 25 de septiembre &#8211; D\u00eda mundial del farmac\u00e9utico 26 de septiembre &#8211; D\u00eda Mundial de la Anticoncepci\u00f3n 28 de septiembre &#8211; D\u00eda Mundial contra la rabia 29 de septiembre &#8211; D\u00eda Mundial del coraz\u00f3n [\/vc_column_text][\/vc_column][vc_column [&hellip;]<\/p>\n","protected":false},"author":1,"featured_media":0,"parent":4138,"menu_order":0,"comment_status":"closed","ping_status":"closed","template":"","meta":{"footnotes":""},"class_list":["post-56885","page","type-page","status-publish","hentry"],"_links":{"self":[{"href":"https:\/\/www.colfarma.info\/colfarma\/wp-json\/wp\/v2\/pages\/56885","targetHints":{"allow":["GET"]}}],"collection":[{"href":"https:\/\/www.colfarma.info\/colfarma\/wp-json\/wp\/v2\/pages"}],"about":[{"href":"https:\/\/www.colfarma.info\/colfarma\/wp-json\/wp\/v2\/types\/page"}],"author":[{"embeddable":true,"href":"https:\/\/www.colfarma.info\/colfarma\/wp-json\/wp\/v2\/users\/1"}],"replies":[{"embeddable":true,"href":"https:\/\/www.colfarma.info\/colfarma\/wp-json\/wp\/v2\/comments?post=56885"}],"version-history":[{"count":0,"href":"https:\/\/www.colfarma.info\/colfarma\/wp-json\/wp\/v2\/pages\/56885\/revisions"}],"up":[{"embeddable":true,"href":"https:\/\/www.colfarma.info\/colfarma\/wp-json\/wp\/v2\/pages\/4138"}],"wp:attachment":[{"href":"https:\/\/www.colfarma.info\/colfarma\/wp-json\/wp\/v2\/media?parent=56885"}],"curies":[{"name":"wp","href":"https:\/\/api.w.org\/{rel}","templated":true}]}}